{"id":3436,"date":"2025-11-29T13:53:32","date_gmt":"2025-11-29T13:53:32","guid":{"rendered":"https:\/\/www.ldp.org.tr\/?page_id=3436"},"modified":"2025-11-29T13:53:35","modified_gmt":"2025-11-29T13:53:35","slug":"videolar","status":"publish","type":"page","link":"https:\/\/www.ldp.org.tr\/index.php\/videolar\/","title":{"rendered":"Videolar"},"content":{"rendered":"\n<figure class=\"wp-block-embed is-type-video is-provider-youtube wp-block-embed-youtube wp-embed-aspect-16-9 wp-has-aspect-ratio\"><div class=\"wp-block-embed__wrapper\">\n<iframe title=\"CEM TOKER &quot;T\u00dcRK\u0130YE&#039;N\u0130N GELECE\u011e\u0130NDEN UMUDUM YOK!&quot;\" width=\"800\" height=\"450\" src=\"https:\/\/www.youtube.com\/embed\/NkGIHLBQr9Y?feature=oembed\" frameborder=\"0\" allow=\"accelerometer; autoplay; clipboard-write; encrypted-media; gyroscope; picture-in-picture; web-share\" referrerpolicy=\"strict-origin-when-cross-origin\" allowfullscreen><\/iframe>\n<\/div><\/figure>\n","protected":false},"excerpt":{"rendered":"","protected":false},"author":13,"featured_media":0,"parent":0,"menu_order":0,"comment_status":"closed","ping_status":"closed","template":"","meta":{"footnotes":""},"class_list":["post-3436","page","type-page","status-publish","hentry"],"_links":{"self":[{"href":"https:\/\/www.ldp.org.tr\/index.php\/wp-json\/wp\/v2\/pages\/3436","targetHints":{"allow":["GET"]}}],"collection":[{"href":"https:\/\/www.ldp.org.tr\/index.php\/wp-json\/wp\/v2\/pages"}],"about":[{"href":"https:\/\/www.ldp.org.tr\/index.php\/wp-json\/wp\/v2\/types\/page"}],"author":[{"embeddable":true,"href":"https:\/\/www.ldp.org.tr\/index.php\/wp-json\/wp\/v2\/users\/13"}],"replies":[{"embeddable":true,"href":"https:\/\/www.ldp.org.tr\/index.php\/wp-json\/wp\/v2\/comments?post=3436"}],"version-history":[{"count":1,"href":"https:\/\/www.ldp.org.tr\/index.php\/wp-json\/wp\/v2\/pages\/3436\/revisions"}],"predecessor-version":[{"id":3437,"href":"https:\/\/www.ldp.org.tr\/index.php\/wp-json\/wp\/v2\/pages\/3436\/revisions\/3437"}],"wp:attachment":[{"href":"https:\/\/www.ldp.org.tr\/index.php\/wp-json\/wp\/v2\/media?parent=3436"}],"curies":[{"name":"wp","href":"https:\/\/api.w.org\/{rel}","templated":true}]}}